{"id":539,"date":"2023-09-20T13:16:44","date_gmt":"2023-09-20T13:16:44","guid":{"rendered":"https:\/\/foreminvestments.com\/?page_id=539"},"modified":"2023-09-27T23:53:13","modified_gmt":"2023-09-27T23:53:13","slug":"bernardo-perez","status":"publish","type":"page","link":"https:\/\/foreminvestments.com\/es\/why-forem\/bernardo-perez\/","title":{"rendered":"Bernardo P\u00e9rez"},"content":{"rendered":"<div data-elementor-type=\"wp-post\" data-elementor-id=\"539\" class=\"elementor elementor-539\">\n\t\t\t\t<div class=\"elementor-element elementor-element-0a520c8 e-flex e-con-boxed e-con e-parent\" data-id=\"0a520c8\" data-element_type=\"container\" data-settings=\"{&quot;background_background&quot;:&quot;classic&quot;}\">\n\t\t\t\t\t<div class=\"e-con-inner\">\n\t\t\t\t<div class=\"elementor-element elementor-element-576a82b elementor-widget elementor-widget-heading\" data-id=\"576a82b\" data-element_type=\"widget\" data-widget_type=\"heading.default\">\n\t\t\t\t<div class=\"elementor-widget-container\">\n\t\t\t\t\t<h2 class=\"elementor-heading-title elementor-size-default\">Bernardo P\u00e9rez<\/h2>\t\t\t\t<\/div>\n\t\t\t\t<\/div>\n\t\t\t\t\t<\/div>\n\t\t\t\t<\/div>\n\t\t<div class=\"elementor-element elementor-element-9f4116c e-flex e-con-boxed e-con e-parent\" data-id=\"9f4116c\" data-element_type=\"container\">\n\t\t\t\t\t<div class=\"e-con-inner\">\n\t\t<div class=\"elementor-element elementor-element-d20b858 e-con-full e-flex e-con e-child\" data-id=\"d20b858\" data-element_type=\"container\">\n\t\t\t\t<div class=\"elementor-element elementor-element-00dab1a elementor-widget elementor-widget-image\" data-id=\"00dab1a\" data-element_type=\"widget\" data-widget_type=\"image.default\">\n\t\t\t\t<div class=\"elementor-widget-container\">\n\t\t\t\t\t\t\t\t\t\t\t\t\t\t\t<img fetchpriority=\"high\" decoding=\"async\" width=\"400\" height=\"400\" src=\"https:\/\/foreminvestments.com\/wp-content\/uploads\/2023\/09\/Bernardo.webp\" class=\"attachment-large size-large wp-image-446\" alt=\"\" srcset=\"https:\/\/foreminvestments.com\/wp-content\/uploads\/2023\/09\/Bernardo.webp 400w, https:\/\/foreminvestments.com\/wp-content\/uploads\/2023\/09\/Bernardo-300x300.webp 300w, https:\/\/foreminvestments.com\/wp-content\/uploads\/2023\/09\/Bernardo-150x150.webp 150w\" sizes=\"(max-width: 400px) 100vw, 400px\" \/>\t\t\t\t\t\t\t\t\t\t\t\t\t\t\t<\/div>\n\t\t\t\t<\/div>\n\t\t\t\t<\/div>\n\t\t<div class=\"elementor-element elementor-element-99083fa e-con-full e-flex e-con e-child\" data-id=\"99083fa\" data-element_type=\"container\">\n\t\t\t\t<div class=\"elementor-element elementor-element-6793889 elementor-widget elementor-widget-heading\" data-id=\"6793889\" data-element_type=\"widget\" data-widget_type=\"heading.default\">\n\t\t\t\t<div class=\"elementor-widget-container\">\n\t\t\t\t\t<h2 class=\"elementor-heading-title elementor-size-default\">Consultor de estrategias empresariales<\/h2>\t\t\t\t<\/div>\n\t\t\t\t<\/div>\n\t\t\t\t<div class=\"elementor-element elementor-element-d4c3a7a elementor-widget elementor-widget-text-editor\" data-id=\"d4c3a7a\" data-element_type=\"widget\" data-widget_type=\"text-editor.default\">\n\t\t\t\t<div class=\"elementor-widget-container\">\n\t\t\t\t\t\t\t\t\t<ul class=\"team-ul\"><li>25 a\u00f1os como asesor de inversiones registrado. Dirigi\u00f3 una casa de bolsa durante 30 a\u00f1os. Gerente s\u00e9nior en McKinsey &amp; Co, Inc.<\/li><li>Consultor l\u00edder en estrategia, finanzas y operaciones en diversas industrias como Banca, Cerveza, Automotriz, Petr\u00f3leo, Petroqu\u00edmica, Alimentos, Celulosa y Papel, Cemento, entre otras.<\/li><li>MBA en Columbia Business School, NYC - especializaci\u00f3n en finanzas y operaciones comerciales.<\/li><li>Ingeniero Qu\u00edmico - Universidad Sim\u00f3n Bol\u00edvar. Fluidez en ingl\u00e9s, espa\u00f1ol y franc\u00e9s.<\/li><\/ul>\t\t\t\t\t\t\t\t<\/div>\n\t\t\t\t<\/div>\n\t\t\t\t<\/div>\n\t\t\t\t\t<\/div>\n\t\t\t\t<\/div>\n\t\t\t\t<\/div>","protected":false},"excerpt":{"rendered":"<p>Bernardo Perez Business Strategies Consultant 25 years as a registered investment advisor. He Managed a broker-dealer for 30 years. Senior Manager at McKinsey &amp;; Co, Inc. Lead Consultant in strategy, finance, and operations in various industries such as Banking, Beer, Automotive, Oil, Petrochemicals, Food, Pulp &amp;; Paper, Cement, and others. MBA at Columbia Business School, [&hellip;]<\/p>","protected":false},"author":2,"featured_media":0,"parent":400,"menu_order":0,"comment_status":"closed","ping_status":"closed","template":"elementor_header_footer","meta":{"inline_featured_image":false,"two_page_speed":[],"footnotes":""},"class_list":["post-539","page","type-page","status-publish","hentry"],"_links":{"self":[{"href":"https:\/\/foreminvestments.com\/es\/wp-json\/wp\/v2\/pages\/539","targetHints":{"allow":["GET"]}}],"collection":[{"href":"https:\/\/foreminvestments.com\/es\/wp-json\/wp\/v2\/pages"}],"about":[{"href":"https:\/\/foreminvestments.com\/es\/wp-json\/wp\/v2\/types\/page"}],"author":[{"embeddable":true,"href":"https:\/\/foreminvestments.com\/es\/wp-json\/wp\/v2\/users\/2"}],"replies":[{"embeddable":true,"href":"https:\/\/foreminvestments.com\/es\/wp-json\/wp\/v2\/comments?post=539"}],"version-history":[{"count":0,"href":"https:\/\/foreminvestments.com\/es\/wp-json\/wp\/v2\/pages\/539\/revisions"}],"up":[{"embeddable":true,"href":"https:\/\/foreminvestments.com\/es\/wp-json\/wp\/v2\/pages\/400"}],"wp:attachment":[{"href":"https:\/\/foreminvestments.com\/es\/wp-json\/wp\/v2\/media?parent=539"}],"curies":[{"name":"wp","href":"https:\/\/api.w.org\/{rel}","templated":true}]}}