{"id":549,"date":"2023-09-20T13:24:46","date_gmt":"2023-09-20T13:24:46","guid":{"rendered":"https:\/\/foreminvestments.com\/?page_id=549"},"modified":"2025-05-22T15:00:28","modified_gmt":"2025-05-22T15:00:28","slug":"michele-di-carlo","status":"publish","type":"page","link":"https:\/\/foreminvestments.com\/es\/why-forem\/michele-di-carlo\/","title":{"rendered":"Michele Di Carlo"},"content":{"rendered":"<div data-elementor-type=\"wp-post\" data-elementor-id=\"549\" class=\"elementor elementor-549\">\n\t\t\t\t<div class=\"elementor-element elementor-element-0a520c8 e-flex e-con-boxed e-con e-parent\" data-id=\"0a520c8\" data-element_type=\"container\" data-settings=\"{&quot;background_background&quot;:&quot;classic&quot;}\">\n\t\t\t\t\t<div class=\"e-con-inner\">\n\t\t\t\t<div class=\"elementor-element elementor-element-576a82b elementor-widget elementor-widget-heading\" data-id=\"576a82b\" data-element_type=\"widget\" data-widget_type=\"heading.default\">\n\t\t\t\t<div class=\"elementor-widget-container\">\n\t\t\t\t\t<h2 class=\"elementor-heading-title elementor-size-default\">Michele Di Carlo<\/h2>\t\t\t\t<\/div>\n\t\t\t\t<\/div>\n\t\t\t\t\t<\/div>\n\t\t\t\t<\/div>\n\t\t<div class=\"elementor-element elementor-element-9f4116c e-flex e-con-boxed e-con e-parent\" data-id=\"9f4116c\" data-element_type=\"container\">\n\t\t\t\t\t<div class=\"e-con-inner\">\n\t\t<div class=\"elementor-element elementor-element-d20b858 e-con-full e-flex e-con e-child\" data-id=\"d20b858\" data-element_type=\"container\">\n\t\t\t\t<div class=\"elementor-element elementor-element-e1d3430 elementor-widget elementor-widget-image\" data-id=\"e1d3430\" data-element_type=\"widget\" data-widget_type=\"image.default\">\n\t\t\t\t<div class=\"elementor-widget-container\">\n\t\t\t\t\t\t\t\t\t\t\t\t\t\t\t<img fetchpriority=\"high\" decoding=\"async\" width=\"400\" height=\"502\" src=\"https:\/\/foreminvestments.com\/wp-content\/uploads\/2025\/05\/IMG_2140-2-e1747927389741.jpg\" class=\"attachment-large size-large wp-image-1358\" alt=\"\" \/>\t\t\t\t\t\t\t\t\t\t\t\t\t\t\t<\/div>\n\t\t\t\t<\/div>\n\t\t\t\t<\/div>\n\t\t<div class=\"elementor-element elementor-element-99083fa e-con-full e-flex e-con e-child\" data-id=\"99083fa\" data-element_type=\"container\">\n\t\t\t\t<div class=\"elementor-element elementor-element-6793889 elementor-widget elementor-widget-heading\" data-id=\"6793889\" data-element_type=\"widget\" data-widget_type=\"heading.default\">\n\t\t\t\t<div class=\"elementor-widget-container\">\n\t\t\t\t\t<h2 class=\"elementor-heading-title elementor-size-default\">Analista \/ Asesor de inversiones<\/h2>\t\t\t\t<\/div>\n\t\t\t\t<\/div>\n\t\t\t\t<div class=\"elementor-element elementor-element-d4c3a7a elementor-widget elementor-widget-text-editor\" data-id=\"d4c3a7a\" data-element_type=\"widget\" data-widget_type=\"text-editor.default\">\n\t\t\t\t<div class=\"elementor-widget-container\">\n\t\t\t\t\t\t\t\t\t<ul class=\"team-ul\">\n \t<li>Tres a\u00f1os de experiencia como Analista de Inversiones. Asesor de Inversiones Registrado Serie 65.<\/li>\n \t<li>Trabaj\u00f3 en un startup, elaborando un modelo financiero que recaud\u00f3 m\u00e1s de 2 millones de d\u00f3lares.<\/li>\n \t<li>Graduado en Administraci\u00f3n de Empresas con menci\u00f3n en Finanzas y Gerencia en la Universidad de Miami con honores.<\/li>\n \t<li>Gestiona activamente clientes de alto patrimonio con millones de d\u00f3lares en AUM.<\/li>\n \t<li>Fluidez en ingl\u00e9s, espa\u00f1ol y experiencia en italiano.<\/li>\n<\/ul>\t\t\t\t\t\t\t\t<\/div>\n\t\t\t\t<\/div>\n\t\t\t\t<\/div>\n\t\t\t\t\t<\/div>\n\t\t\t\t<\/div>\n\t\t\t\t<\/div>","protected":false},"excerpt":{"rendered":"<p>Michele Di Carlo Investment Analyst\/ Advisor Three years of Investment Analyst experience. Registered Investment advisor Series 65. Worked on a startup financial modeling that raised over 2 million dollars. Graduated in Business administration with a Finance and Management major at the University of Miami with honors. Actively manages clients high net worth clients with millions [&hellip;]<\/p>","protected":false},"author":2,"featured_media":0,"parent":400,"menu_order":0,"comment_status":"closed","ping_status":"closed","template":"elementor_header_footer","meta":{"inline_featured_image":false,"two_page_speed":[],"footnotes":""},"class_list":["post-549","page","type-page","status-publish","hentry"],"_links":{"self":[{"href":"https:\/\/foreminvestments.com\/es\/wp-json\/wp\/v2\/pages\/549","targetHints":{"allow":["GET"]}}],"collection":[{"href":"https:\/\/foreminvestments.com\/es\/wp-json\/wp\/v2\/pages"}],"about":[{"href":"https:\/\/foreminvestments.com\/es\/wp-json\/wp\/v2\/types\/page"}],"author":[{"embeddable":true,"href":"https:\/\/foreminvestments.com\/es\/wp-json\/wp\/v2\/users\/2"}],"replies":[{"embeddable":true,"href":"https:\/\/foreminvestments.com\/es\/wp-json\/wp\/v2\/comments?post=549"}],"version-history":[{"count":0,"href":"https:\/\/foreminvestments.com\/es\/wp-json\/wp\/v2\/pages\/549\/revisions"}],"up":[{"embeddable":true,"href":"https:\/\/foreminvestments.com\/es\/wp-json\/wp\/v2\/pages\/400"}],"wp:attachment":[{"href":"https:\/\/foreminvestments.com\/es\/wp-json\/wp\/v2\/media?parent=549"}],"curies":[{"name":"wp","href":"https:\/\/api.w.org\/{rel}","templated":true}]}}