{"id":635,"date":"2023-09-20T15:17:42","date_gmt":"2023-09-20T15:17:42","guid":{"rendered":"https:\/\/foreminvestments.com\/?page_id=635"},"modified":"2023-09-27T23:51:59","modified_gmt":"2023-09-27T23:51:59","slug":"investment-portfolio","status":"publish","type":"page","link":"https:\/\/foreminvestments.com\/es\/our-services\/investment-portfolio\/","title":{"rendered":"Portafolio de Inversiones"},"content":{"rendered":"<div data-elementor-type=\"wp-post\" data-elementor-id=\"635\" class=\"elementor elementor-635\">\n\t\t\t\t<div class=\"elementor-element elementor-element-db9997d e-flex e-con-boxed e-con e-parent\" data-id=\"db9997d\" data-element_type=\"container\" data-settings=\"{&quot;background_background&quot;:&quot;classic&quot;}\">\n\t\t\t\t\t<div class=\"e-con-inner\">\n\t\t\t\t<div class=\"elementor-element elementor-element-88ea560 elementor-widget elementor-widget-heading\" data-id=\"88ea560\" data-element_type=\"widget\" data-widget_type=\"heading.default\">\n\t\t\t\t<div class=\"elementor-widget-container\">\n\t\t\t\t\t<h1 class=\"elementor-heading-title elementor-size-default\">Portafolio de Inversiones<\/h1>\t\t\t\t<\/div>\n\t\t\t\t<\/div>\n\t\t\t\t\t<\/div>\n\t\t\t\t<\/div>\n\t\t<div class=\"elementor-element elementor-element-7005d78 e-flex e-con-boxed e-con e-parent\" data-id=\"7005d78\" data-element_type=\"container\">\n\t\t\t\t\t<div class=\"e-con-inner\">\n\t\t\t\t<div class=\"elementor-element elementor-element-f3ae176 elementor-widget elementor-widget-html\" data-id=\"f3ae176\" data-element_type=\"widget\" data-widget_type=\"html.default\">\n\t\t\t\t<div class=\"elementor-widget-container\">\n\t\t\t\t\t<div class=\"age-service-container\">\r\n\t<div class=\"age-service-box\">\r\n\t\t\t<div class=\"age-service-box-img\">\r\n\t\t\t\t<img decoding=\"async\" data-src=\"https:\/\/foreminvestments.com\/wp-content\/uploads\/2023\/09\/AI-Bond-Research.webp\" alt=\"AI Bond Research\" src=\"data:image\/gif;base64,R0lGODlhAQABAAAAACH5BAEKAAEALAAAAAABAAEAAAICTAEAOw==\" class=\"lazyload\" style=\"--smush-placeholder-width: 400px; --smush-placeholder-aspect-ratio: 400\/400;\" \/><noscript><img decoding=\"async\" src=\"https:\/\/foreminvestments.com\/wp-content\/uploads\/2023\/09\/AI-Bond-Research.webp\" alt=\"AI Bond Research\" \/><\/noscript>\r\n\t\t\t<\/div>\r\n\t\t\t<div class=\"age-service-text\">\r\n\t\t\t\t<h3>Investigaci\u00f3n de bonos utilizando IA<\/h3>\r\n\t\t\t\t<p>Software impulsado por IA el cual eval\u00faa riesgo crediticio, probabilidad de cambios en la calificaci\u00f3n crediticia y precio en relaci\u00f3n con sus comparables.<\/p>\r\n\t\t\t<\/div>\t\t\r\n\t<\/div>\r\n\t\r\n\t<div class=\"age-service-box\">\r\n\t\t\t<div class=\"age-service-box-img\">\r\n\t\t\t\t<img decoding=\"async\" data-src=\"https:\/\/foreminvestments.com\/wp-content\/uploads\/2023\/09\/Machine-Learning-on-Equity-selection.webp\" alt=\"Machine Learning on Equity selection\" src=\"data:image\/gif;base64,R0lGODlhAQABAAAAACH5BAEKAAEALAAAAAABAAEAAAICTAEAOw==\" class=\"lazyload\" style=\"--smush-placeholder-width: 400px; --smush-placeholder-aspect-ratio: 400\/400;\" \/><noscript><img decoding=\"async\" src=\"https:\/\/foreminvestments.com\/wp-content\/uploads\/2023\/09\/Machine-Learning-on-Equity-selection.webp\" alt=\"Machine Learning on Equity selection\" \/><\/noscript>\r\n\t\t\t<\/div>\r\n\t\t\t<div class=\"age-service-text\">\r\n\t\t\t\t<h3>Machine Learning selecci\u00f3n renta variable<\/h3>\r\n\t\t\t\t<p>An\u00e1lisis fundamental y t\u00e9cnico utilizando indicadores y rankings internos para la selecci\u00f3n de renta variable.<\/p>\r\n\t\t\t<\/div>\r\n\t<\/div>\r\n\r\n\t<div class=\"age-service-box\">\r\n\t\t\t<div class=\"age-service-box-img\">\r\n\t\t\t\t<img decoding=\"async\" data-src=\"https:\/\/foreminvestments.com\/wp-content\/uploads\/2023\/09\/AI-on-Portfolio-Monitoring.webp\" alt=\"AI on Portfolio Monitoring\" src=\"data:image\/gif;base64,R0lGODlhAQABAAAAACH5BAEKAAEALAAAAAABAAEAAAICTAEAOw==\" class=\"lazyload\" style=\"--smush-placeholder-width: 400px; --smush-placeholder-aspect-ratio: 400\/400;\" \/><noscript><img decoding=\"async\" src=\"https:\/\/foreminvestments.com\/wp-content\/uploads\/2023\/09\/AI-on-Portfolio-Monitoring.webp\" alt=\"AI on Portfolio Monitoring\" \/><\/noscript>\r\n\t\t\t<\/div>\r\n\t\t\t<div class=\"age-service-text\">\r\n\t\t\t\t<h3>Monitoreo de Portfolio apoyado con IA<\/h3>\r\n\t\t\t\t<p>Software de investigaci\u00f3n de inversiones con acceso e interpretaci\u00f3n de datos de empresas p\u00fablicas y privadas.<\/p>\r\n\t\t\t<\/div>\r\n\t<\/div>\r\n<\/div>\t\t\t\t<\/div>\n\t\t\t\t<\/div>\n\t\t\t\t<div class=\"elementor-element elementor-element-cdad866 elementor-widget elementor-widget-html\" data-id=\"cdad866\" data-element_type=\"widget\" data-widget_type=\"html.default\">\n\t\t\t\t<div class=\"elementor-widget-container\">\n\t\t\t\t\t<a class=\"age-button-blue\" href=\"https:\/\/foreminvestments.com\/es\/contact\/\">Cont\u00e1ctanos<\/a>\t\t\t\t<\/div>\n\t\t\t\t<\/div>\n\t\t\t\t\t<\/div>\n\t\t\t\t<\/div>\n\t\t\t\t<\/div>","protected":false},"excerpt":{"rendered":"<p>Investments Portfolio Contact us<\/p>","protected":false},"author":2,"featured_media":0,"parent":558,"menu_order":0,"comment_status":"closed","ping_status":"closed","template":"elementor_header_footer","meta":{"inline_featured_image":false,"two_page_speed":[],"footnotes":""},"class_list":["post-635","page","type-page","status-publish","hentry"],"_links":{"self":[{"href":"https:\/\/foreminvestments.com\/es\/wp-json\/wp\/v2\/pages\/635","targetHints":{"allow":["GET"]}}],"collection":[{"href":"https:\/\/foreminvestments.com\/es\/wp-json\/wp\/v2\/pages"}],"about":[{"href":"https:\/\/foreminvestments.com\/es\/wp-json\/wp\/v2\/types\/page"}],"author":[{"embeddable":true,"href":"https:\/\/foreminvestments.com\/es\/wp-json\/wp\/v2\/users\/2"}],"replies":[{"embeddable":true,"href":"https:\/\/foreminvestments.com\/es\/wp-json\/wp\/v2\/comments?post=635"}],"version-history":[{"count":0,"href":"https:\/\/foreminvestments.com\/es\/wp-json\/wp\/v2\/pages\/635\/revisions"}],"up":[{"embeddable":true,"href":"https:\/\/foreminvestments.com\/es\/wp-json\/wp\/v2\/pages\/558"}],"wp:attachment":[{"href":"https:\/\/foreminvestments.com\/es\/wp-json\/wp\/v2\/media?parent=635"}],"curies":[{"name":"wp","href":"https:\/\/api.w.org\/{rel}","templated":true}]}}